{"id":2383,"date":"2021-05-06T09:17:43","date_gmt":"2021-05-06T08:17:43","guid":{"rendered":"https:\/\/ristorantepizzeriaerika.it\/kontakt\/"},"modified":"2024-06-20T17:00:15","modified_gmt":"2024-06-20T16:00:15","slug":"kontakt","status":"publish","type":"page","link":"https:\/\/ristorantepizzeriaerika.it\/de\/kontakt\/","title":{"rendered":"Kontakt"},"content":{"rendered":"\t\t<div data-elementor-type=\"wp-page\" data-elementor-id=\"2383\" class=\"elementor elementor-2383 elementor-624\" data-elementor-post-type=\"page\">\n\t\t\t\t\t\t<section class=\"elementor-section elementor-top-section elementor-element elementor-element-022cbc0 elementor-section-full_width elementor-section-height-default elementor-section-height-default\" data-id=\"022cbc0\" data-element_type=\"section\">\n\t\t\t\t\t\t<div class=\"elementor-container elementor-column-gap-no\">\n\t\t\t\t\t<div class=\"elementor-column elementor-col-100 elementor-top-column elementor-element elementor-element-c880e8f\" data-id=\"c880e8f\" data-element_type=\"column\">\n\t\t\t<div class=\"elementor-widget-wrap elementor-element-populated\">\n\t\t\t\t\t\t<div class=\"elementor-element elementor-element-4e096b0 elementor-widget elementor-widget-tastyc-services\" data-id=\"4e096b0\" data-element_type=\"widget\" data-widget_type=\"tastyc-services.default\">\n\t\t\t\t<div class=\"elementor-widget-container\">\n\t\t\t\n\t\t<!-- container -->\n\t\t<div class=\"container\">\n\n\t\t<div class=\"row\">\n\t\t            <div class=\"col-lg-12\">\n\n            <!-- title -->\n            <div class=\"text-center\">\n                            <div class=\"tst-suptitle tst-suptitle-center tst-mb-15\">\n              \t<span >\n\t\t          \tKontakt\t\t        <\/span>\n              <\/div>\n                                          <h3 class=\"tst-title--h tst-mb-30\">\n              \t<span >\n\t\t          \tKontaktinformationen\n\t\t        <\/span>\n              <\/h3>\n                                          <p class=\"tst-text tst-title--desc tst-mb-60\">\n              \t<span >\n\t\t          \tP.IVA 02632200214\t\t        <\/span>\n              <\/p>\n                          <\/div>\n            <!-- title end -->\n\n          <\/div>\n          \n          \t\t            <div class=\"col-lg-4\">\n\n            <!-- icon box -->\n            <div class=\"tst-icon-box tst-mb-60\">\n                            <img decoding=\"async\" src=\"https:\/\/ristorantepizzeriaerika.it\/wp-content\/uploads\/2021\/04\/icon-contact-email.png\" alt=\"\" class=\"tst-mb-30\" \/>\n                                          <h5 class=\"tst-mb-30\">\n              \t<span >\n\t        \t\tSchreiben Sie uns\t        \t<\/span>\n              <\/h5>\n                                          <div class=\"tst-text\">\n              \t<div >\n\t        \t\t<p><a href=\"mailto:ristorante.erika@yahoo.it\">ristorante.erika@yahoo.it<\/a><\/p>\n\t        \t<\/div>\n              <\/div>\n                          <\/div>\n            <!-- icon box end -->\n\n          <\/div>\n                    <div class=\"col-lg-4\">\n\n            <!-- icon box -->\n            <div class=\"tst-icon-box tst-mb-60\">\n                            <img decoding=\"async\" src=\"https:\/\/ristorantepizzeriaerika.it\/wp-content\/uploads\/2021\/04\/icon-contact-tel.png\" alt=\"\" class=\"tst-mb-30\" \/>\n                                          <h5 class=\"tst-mb-30\">\n              \t<span >\n\t        \t\tRufen Sie uns an\t        \t<\/span>\n              <\/h5>\n                                          <div class=\"tst-text\">\n              \t<div >\n\t        \t\t<p><a href=\"tel:+390474506160\">+39 0474 506160<\/a><br \/>\n<a href=\"tel:+393381821707\">+39 338 1821707<\/a><\/p>\n\t        \t<\/div>\n              <\/div>\n                          <\/div>\n            <!-- icon box end -->\n\n          <\/div>\n                    <div class=\"col-lg-4\">\n\n            <!-- icon box -->\n            <div class=\"tst-icon-box tst-mb-60\">\n                            <img decoding=\"async\" src=\"https:\/\/ristorantepizzeriaerika.it\/wp-content\/uploads\/2021\/04\/icon-contact-adr.png\" alt=\"\" class=\"tst-mb-30\" \/>\n                                          <h5 class=\"tst-mb-30\">\n              \t<span >\n\t        \t\tBesuchen Sie uns\t        \t<\/span>\n              <\/h5>\n                                          <div class=\"tst-text\">\n              \t<div >\n\t        \t\t<p>Via Catarina Lanz, 31 - 39030<\/p>\n<p>San Vigilio di Marebbe, BZ<\/p>\n\t        \t<\/div>\n              <\/div>\n                          <\/div>\n            <!-- icon box end -->\n\n          <\/div>\n                    \n        <\/div>\n\n        <div class=\"tst-spacer tst-spacer-only-bottom-space\"><\/div>\n\n\t\t<\/div>\n\t\t<!-- container end -->\n\n\t\t\t\t<\/div>\n\t\t\t\t<\/div>\n\t\t\t\t\t<\/div>\n\t\t<\/div>\n\t\t\t\t\t<\/div>\n\t\t<\/section>\n\t\t\t\t<section class=\"elementor-section elementor-top-section elementor-element elementor-element-db94581 elementor-section-full_width elementor-section-height-default elementor-section-height-default\" data-id=\"db94581\" data-element_type=\"section\">\n\t\t\t\t\t\t<div class=\"elementor-container elementor-column-gap-no\">\n\t\t\t\t\t<div class=\"elementor-column elementor-col-100 elementor-top-column elementor-element elementor-element-c1160d2\" data-id=\"c1160d2\" data-element_type=\"column\">\n\t\t\t<div class=\"elementor-widget-wrap elementor-element-populated\">\n\t\t\t\t\t\t<div class=\"elementor-element elementor-element-ac1b8dc elementor-widget elementor-widget-tastyc-contact-form\" data-id=\"ac1b8dc\" data-element_type=\"widget\" data-widget_type=\"tastyc-contact-form.default\">\n\t\t\t\t<div class=\"elementor-widget-container\">\n\t\t\t\n\t\t<!-- container -->\n\t\t<div class=\"container\">\n\n\t\t\t<div class=\"row\">\n\n\t\t\t                <div class=\"col-lg-12\">\n                <!-- title -->\n                <div class=\"text-center\">\n                                    <div class=\"tst-suptitle tst-suptitle-center tst-mb-15\">\n                  \t<span >\n\t\t\t          \tKontakt\t\t\t        <\/span>\n                  <\/div>\n                                                      <h3 class=\"tst-title--h tst-mb-30\">\n                  \t<span >\n\t\t\t          \tSchreiben Sie uns eine Nachricht\t\t\t        <\/span>\n                  <\/h3>\n                                                      <p class=\"tst-text tst-mb-60\">\n                  \t<span >\n\t\t\t          \tEgal, ob Sie einen Tisch reservieren, sich nach unserer Speisekarte erkundigen oder einfach nur Ihre Erfahrungen teilen m\u00f6chten, wir sind nur eine Nachricht entfernt.\t\t\t        <\/span>\n                  <\/p>\n                                  <\/div>\n                <!-- title end -->\n              <\/div>\n          \t  \n          \t                <div class=\"col-lg-12\">\n                \n<div class=\"wpcf7 no-js\" id=\"wpcf7-f2573-o1\" lang=\"en-US\" dir=\"ltr\">\n<div class=\"screen-reader-response\"><p role=\"status\" aria-live=\"polite\" aria-atomic=\"true\"><\/p> <ul><\/ul><\/div>\n<form action=\"\/de\/wp-json\/wp\/v2\/pages\/2383#wpcf7-f2573-o1\" method=\"post\" class=\"wpcf7-form init\" aria-label=\"Contact form\" novalidate=\"novalidate\" data-status=\"init\">\n<div style=\"display: none;\">\n<input type=\"hidden\" name=\"_wpcf7\" value=\"2573\" \/>\n<input type=\"hidden\" name=\"_wpcf7_version\" value=\"5.9.6\" \/>\n<input type=\"hidden\" name=\"_wpcf7_locale\" value=\"en_US\" \/>\n<input type=\"hidden\" name=\"_wpcf7_unit_tag\" value=\"wpcf7-f2573-o1\" \/>\n<input type=\"hidden\" name=\"_wpcf7_container_post\" value=\"0\" \/>\n<input type=\"hidden\" name=\"_wpcf7_posted_data_hash\" value=\"\" \/>\n<input type=\"hidden\" name=\"_wpcf7_recaptcha_response\" value=\"\" \/>\n<\/div>\n<div class=\"text-center\">\n <div class=\"row\">\n  <div class=\"col-lg-6\">\n   <span class=\"wpcf7-form-control-wrap\" data-name=\"cf_firstname\"><input size=\"40\" maxlength=\"80\" class=\"wpcf7-form-control wpcf7-text wpcf7-validates-as-required\" aria-required=\"true\" aria-invalid=\"false\" placeholder=\"Vorname\" value=\"\" type=\"text\" name=\"cf_firstname\" \/><\/span>\n  <\/div>\n  <div class=\"col-lg-6\">\n   <span class=\"wpcf7-form-control-wrap\" data-name=\"cf_lastname\"><input size=\"40\" maxlength=\"80\" class=\"wpcf7-form-control wpcf7-text wpcf7-validates-as-required\" aria-required=\"true\" aria-invalid=\"false\" placeholder=\"Familienname, Nachname\" value=\"\" type=\"text\" name=\"cf_lastname\" \/><\/span>\n  <\/div>\n  <div class=\"col-lg-6\">\n   <span class=\"wpcf7-form-control-wrap\" data-name=\"cf_phone\"><input size=\"40\" maxlength=\"80\" class=\"wpcf7-form-control wpcf7-tel wpcf7-validates-as-required wpcf7-text wpcf7-validates-as-tel\" aria-required=\"true\" aria-invalid=\"false\" placeholder=\"Telefon\" value=\"\" type=\"tel\" name=\"cf_phone\" \/><\/span>\n  <\/div>\n  <div class=\"col-lg-6\">\n   <span class=\"wpcf7-form-control-wrap\" data-name=\"cf_email\"><input size=\"40\" maxlength=\"80\" class=\"wpcf7-form-control wpcf7-email wpcf7-validates-as-required wpcf7-text wpcf7-validates-as-email\" aria-required=\"true\" aria-invalid=\"false\" placeholder=\"Email\" value=\"\" type=\"email\" name=\"cf_email\" \/><\/span>\n  <\/div>\n  <div class=\"col-lg-12\">\n   <span class=\"wpcf7-form-control-wrap\" data-name=\"cf_text\"><textarea cols=\"40\" rows=\"10\" maxlength=\"400\" class=\"wpcf7-form-control wpcf7-textarea wpcf7-validates-as-required\" aria-required=\"true\" aria-invalid=\"false\" placeholder=\"Nachricht\" name=\"cf_text\"><\/textarea><\/span>\n  <\/div>\n <\/div>\n <button class=\"tst-btn\" type=\"submit\" name=\"button\">Nachricht senden<\/button>\n<\/div><div class=\"wpcf7-response-output\" aria-hidden=\"true\"><\/div>\n<\/form>\n<\/div>\n              <\/div>\n              \n            <\/div>\n\n        <\/div>\n\n\t\t<!-- container end -->\n\n\t\t\t\t<\/div>\n\t\t\t\t<\/div>\n\t\t\t\t\t<\/div>\n\t\t<\/div>\n\t\t\t\t\t<\/div>\n\t\t<\/section>\n\t\t\t\t<section class=\"elementor-section elementor-top-section elementor-element elementor-element-caeb0aa elementor-section-full_width elementor-section-height-default elementor-section-height-default\" data-id=\"caeb0aa\" data-element_type=\"section\">\n\t\t\t\t\t\t<div class=\"elementor-container elementor-column-gap-no\">\n\t\t\t\t\t<div class=\"elementor-column elementor-col-100 elementor-top-column elementor-element elementor-element-3592537\" data-id=\"3592537\" data-element_type=\"column\">\n\t\t\t<div class=\"elementor-widget-wrap elementor-element-populated\">\n\t\t\t\t\t\t<div class=\"elementor-element elementor-element-a388ccb elementor-widget elementor-widget-tastyc-schedule\" data-id=\"a388ccb\" data-element_type=\"widget\" data-widget_type=\"tastyc-schedule.default\">\n\t\t\t\t<div class=\"elementor-widget-container\">\n\t\t\t\n\t\t<!-- container -->\n\t\t<div class=\"container\">\n\n\t\t<!-- banner sm -->\n        <div class=\"tst-banner-sm\">\n\n                    <div class=\"tst-cover-frame\">\n          \t            <img decoding=\"async\" src=\"https:\/\/ristorantepizzeriaerika.it\/wp-content\/uploads\/2021\/04\/gallery-i-1.jpg\" alt=\"\" class=\"tst-cover\">\n                        <div class=\"tst-overlay\"><\/div>\n          <\/div>\n          \n          <div class=\"row align-items-center\">\n\n            <div class=\"col-lg-8\">\n\n              <div class=\"tst-text-frame\">\n              \t                                <h2 class=\"tst-title--h tst-white-2 tst-mb-30\">\n                \t<span >\n\t\t\t          \tArbeitszeit\t\t\t        <\/span>\n                <\/h2>\n                                                <p class=\"tst-text tst-white-2 tst-mb-30\">\n                \t<span >\n\t\t\t          \tWir freuen uns, Sie im Ristorante Pizzeria Erika begr\u00fc\u00dfen zu d\u00fcrfen. Unsere T\u00fcren stehen offen, um Ihnen k\u00f6stliche Mahlzeiten zu servieren und Ihnen die ganze Woche \u00fcber unvergessliche kulinarische Erlebnisse zu bieten. Egal, ob Sie ein Familienessen, einen romantischen Abend oder ein zwangloses Treffen mit Freunden planen, wir sind f\u00fcr Sie da.\t\t\t        <\/span>\n                <\/p>\n                                              <\/div>\n\n            <\/div>\n            <div class=\"col-lg-4\">\n\n              <div class=\"tst-wh-frame\">\n              \t\n              \t\t\t\t\t                <div class=\"tst-wh-time tst-mb-30\">\n                                    <div class=\"tst-label tst-mb-15\">\n                  \t<span >\n\t\t\t          Montag\t\t\t        <\/span>\n                  <\/div>\n                                                      <div class=\"h5\">\n                  <span >\n\t\t        \t10 - 14\t\t          <\/span>\n                  <span class=\"tst-color\">:<\/span>\n              \t  <span >\n\t\t        \t17 - 23\t\t          <\/span>\n              \t  <\/div>\n                                                    <\/div>\n                                <div class=\"tst-wh-time tst-mb-30\">\n                                    <div class=\"tst-label tst-mb-15\">\n                  \t<span >\n\t\t\t          Dienstag\t\t\t        <\/span>\n                  <\/div>\n                                                      <div class=\"h5\">\n                  <span >\n\t\t        \tClosed\t\t          <\/span>\n                  <span class=\"tst-color\">:<\/span>\n              \t  <span >\n\t\t        \tClosed\t\t          <\/span>\n              \t  <\/div>\n                                                    <\/div>\n                                <div class=\"tst-wh-time tst-mb-30\">\n                                    <div class=\"tst-label tst-mb-15\">\n                  \t<span >\n\t\t\t          Mittwoch bis Sonntag\t\t\t        <\/span>\n                  <\/div>\n                                                      <div class=\"h5\">\n                  <span >\n\t\t        \t10 - 14\t\t          <\/span>\n                  <span class=\"tst-color\">:<\/span>\n              \t  <span >\n\t\t        \t17 - 23\t\t          <\/span>\n              \t  <\/div>\n                                                    <\/div>\n                          \t\t\n              <\/div>\n\n            <\/div>\n          <\/div>\n\n        <\/div>\n        <!-- banner sm end -->\n\n        <div class=\"tst-spacer\"><\/div>\n\n\t\t<\/div>\n\t\t<!-- container end -->\n\n\t\t\t\t<\/div>\n\t\t\t\t<\/div>\n\t\t\t\t<div class=\"elementor-element elementor-element-3c25b5b elementor-widget elementor-widget-html\" data-id=\"3c25b5b\" data-element_type=\"widget\" data-widget_type=\"html.default\">\n\t\t\t\t<div class=\"elementor-widget-container\">\n\t\t\t<iframe width=\"100%\" height=\"400\" frameborder=\"0\" scrolling=\"no\" marginheight=\"0\" marginwidth=\"0\" src=\"https:\/\/maps.google.com\/maps?f=q&amp;source=embed&amp;hl=en&amp;geocode=&amp;q=Strada+Senes,+8,+San+Vigilio,+Italia&amp;aq=0&amp;oq=via+senes+8,+san&amp;sll=46.698863,11.931004&amp;sspn=0.000982,0.002642&amp;t=v&amp;ie=UTF8&amp;hq=&amp;hnear=Strada+Senes,+8,+Bolzano,+Trentino-Alto+Adige,+Italy&amp;ll=46.697857,11.934037&amp;spn=64.174611,173.144531&amp;z=3&amp;layer=c&amp;panoid=U2w9Snb_xWBH-cRBL_mfcA&amp;cbll=46.696753,11.935221&amp;cbp=13,-293.93796622141457,,0,1.6615776058799838&amp;output=svembed\"><\/iframe><br><small><a href=\"http:\/\/maps.google.com\/maps?f=q&amp;source=embed&amp;hl=en&amp;geocode=&amp;q=Strada+Senes,+8,+San+Vigilio,+Italia&amp;aq=0&amp;oq=via+senes+8,+san&amp;sll=46.698863,11.931004&amp;sspn=0.000982,0.002642&amp;t=v&amp;ie=UTF8&amp;hq=&amp;hnear=Strada+Senes,+8,+Bolzano,+Trentino-Alto+Adige,+Italy&amp;ll=46.697857,11.934037&amp;spn=64.174611,173.144531&amp;z=3&amp;layer=c&amp;panoid=U2w9Snb_xWBH-cRBL_mfcA&amp;cbll=46.696753,11.935221&amp;cbp=13,-293.93796622141457,,0,1.6615776058799838\" style=\"color:#0000FF;text-align:left\"><\/a><\/small>\n\t\t<\/div>\n\t\t\t\t<\/div>\n\t\t\t\t\t<\/div>\n\t\t<\/div>\n\t\t\t\t\t<\/div>\n\t\t<\/section>\n\t\t\t\t<\/div>\n\t\t","protected":false},"excerpt":{"rendered":"<p>Kontakt Kontaktinformationen P.IVA 02632200214 Schreiben Sie uns ristorante.erika@yahoo.it Rufen Sie uns an +39 0474 506160 +39 338 1821707 Besuchen Sie uns Via Catarina Lanz, 31 &#8211; 39030 San Vigilio di Marebbe, BZ Kontakt Schreiben Sie uns eine Nachricht Egal, ob Sie einen Tisch reservieren, sich nach unserer Speisekarte erkundigen oder einfach nur Ihre Erfahrungen teilen m\u00f6chten, wir sind nur eine&#8230; <span class=\"tst-el-more\"><a href=\"https:\/\/ristorantepizzeriaerika.it\/de\/kontakt\/\" class=\"tst-label tst-color tst-anima-link\">Read more<span class=\"screen-reader-text\">Read moreKontakt<\/span><\/a><\/span><\/p>\n","protected":false},"author":1,"featured_media":0,"parent":0,"menu_order":0,"comment_status":"closed","ping_status":"closed","template":"template-layout-builder.php","meta":{"_acf_changed":false,"inline_featured_image":false,"_monsterinsights_skip_tracking":false,"_monsterinsights_sitenote_active":false,"_monsterinsights_sitenote_note":"","_monsterinsights_sitenote_category":0,"footnotes":""},"acf":[],"aioseo_notices":[],"_links":{"self":[{"href":"https:\/\/ristorantepizzeriaerika.it\/de\/wp-json\/wp\/v2\/pages\/2383"}],"collection":[{"href":"https:\/\/ristorantepizzeriaerika.it\/de\/wp-json\/wp\/v2\/pages"}],"about":[{"href":"https:\/\/ristorantepizzeriaerika.it\/de\/wp-json\/wp\/v2\/types\/page"}],"author":[{"embeddable":true,"href":"https:\/\/ristorantepizzeriaerika.it\/de\/wp-json\/wp\/v2\/users\/1"}],"replies":[{"embeddable":true,"href":"https:\/\/ristorantepizzeriaerika.it\/de\/wp-json\/wp\/v2\/comments?post=2383"}],"version-history":[{"count":10,"href":"https:\/\/ristorantepizzeriaerika.it\/de\/wp-json\/wp\/v2\/pages\/2383\/revisions"}],"predecessor-version":[{"id":2587,"href":"https:\/\/ristorantepizzeriaerika.it\/de\/wp-json\/wp\/v2\/pages\/2383\/revisions\/2587"}],"wp:attachment":[{"href":"https:\/\/ristorantepizzeriaerika.it\/de\/wp-json\/wp\/v2\/media?parent=2383"}],"curies":[{"name":"wp","href":"https:\/\/api.w.org\/{rel}","templated":true}]}}