{"id":2387,"date":"2024-06-10T12:47:41","date_gmt":"2024-06-10T11:47:41","guid":{"rendered":"https:\/\/ristorantepizzeriaerika.it\/datenschutzrichtlinie\/"},"modified":"2024-06-14T00:59:35","modified_gmt":"2024-06-13T23:59:35","slug":"datenschutzrichtlinie","status":"publish","type":"page","link":"https:\/\/ristorantepizzeriaerika.it\/de\/datenschutzrichtlinie\/","title":{"rendered":"Datenschutzrichtlinie"},"content":{"rendered":"\n<p>Datenschutzrichtlinie<br\/>Zuletzt aktualisiert am 13. Juni 2024<br\/>G\u00fcltig ab 13. Juni 2024<\/p>\n\n<p>Diese Datenschutzrichtlinie beschreibt die Richtlinien von Coppola Gianluca S.a.s., Strada, Catarina Lanz San Vigilio, 31, BZ 39030, Italien, E-Mail: admin@ristorantepizzeriaerika.it, Telefon: +39 0474 506160 zur Erfassung, Verwendung und Offenlegung Ihrer Daten, die wir sammeln, wenn Sie unsere Website (https:\/\/ristorantepizzeriaerika.it) nutzen. (der Service&#8221;). Indem Sie auf den Dienst zugreifen oder ihn verwenden, stimmen Sie der Erfassung, Verwendung und Offenlegung Ihrer Daten gem\u00e4\u00df dieser Datenschutzrichtlinie zu. Wenn Sie damit nicht einverstanden sind, greifen Sie bitte nicht auf den Dienst zu und verwenden Sie ihn nicht.<br\/>Wir k\u00f6nnen diese Datenschutzrichtlinie jederzeit und ohne vorherige Ank\u00fcndigung \u00e4ndern und werden die \u00fcberarbeitete Datenschutzrichtlinie im Dienst ver\u00f6ffentlichen. Die \u00fcberarbeitete Richtlinie tritt 180 Tage nach ihrer Ver\u00f6ffentlichung im Dienst in Kraft. Ihr fortgesetzter Zugriff auf den Dienst oder dessen fortgesetzte Nutzung nach diesem Zeitpunkt gilt als Zustimmung zu der \u00fcberarbeiteten Datenschutzrichtlinie. Wir empfehlen Ihnen daher, diese Seite regelm\u00e4\u00dfig durchzusehen.<\/p>\n\n<p>So verwenden wir Ihre Informationen:<br\/>Wir verwenden die \u00fcber Sie gesammelten Informationen f\u00fcr die folgenden Zwecke:<\/p>\n\n<p>Marketing\/Werbung<br\/>Verwaltungsinformationen<br\/>Wenn wir Ihre Daten zu anderen Zwecken nutzen m\u00f6chten, bitten wir Sie um Ihre Einwilligung. Wir nutzen Ihre Daten nur, wenn Sie uns Ihre Einwilligung erteilt haben, und dann nur f\u00fcr die Zwecke, f\u00fcr die Sie Ihre Einwilligung erteilt haben, es sei denn, wir sind gesetzlich zu einer anderen Vorgehensweise verpflichtet.<\/p>\n\n<p>Deine Rechte:<br\/>Abh\u00e4ngig vom jeweils geltenden Gesetz haben Sie m\u00f6glicherweise das Recht, auf Ihre personenbezogenen Daten zuzugreifen und sie zu berichtigen oder zu l\u00f6schen, eine Kopie Ihrer personenbezogenen Daten zu erhalten, die aktive Verarbeitung Ihrer Daten einzuschr\u00e4nken oder ihr zu widersprechen, uns aufzufordern, Ihre personenbezogenen Daten an eine andere Stelle weiterzugeben (zu \u00fcbertragen), eine etwaige Einwilligung, die Sie uns zur Verarbeitung Ihrer Daten erteilt haben, zu widerrufen, ein Beschwerderecht bei einer gesetzlichen Beh\u00f6rde einzulegen und weitere Rechte, die nach den geltenden Gesetzen relevant sein k\u00f6nnen. Um diese Rechte auszu\u00fcben, k\u00f6nnen Sie uns an admin@ristorantepizzeriaerika.it schreiben. Wir werden Ihre Anfrage im Einklang mit dem geltenden Recht beantworten.<br\/>Bitte beachten Sie: Wenn Sie uns die Erfassung oder Verarbeitung der erforderlichen personenbezogenen Daten nicht gestatten oder Ihre Zustimmung zur Verarbeitung dieser Daten f\u00fcr die erforderlichen Zwecke widerrufen, k\u00f6nnen Sie m\u00f6glicherweise nicht auf die Dienste zugreifen oder diese nutzen, f\u00fcr die Ihre Daten abgefragt wurden.<\/p>\n\n<p>Cookies usw.<br\/>Weitere Informationen zur Verwendung dieser Technologien und zu Ihren Auswahlm\u00f6glichkeiten in Bezug auf diese Tracking-Technologien finden Sie in unserer Cookie-Richtlinie.<\/p>\n\n<p>Sicherheit:<br\/>Die Sicherheit Ihrer Daten ist uns wichtig und wir ergreifen angemessene Sicherheitsma\u00dfnahmen, um den Verlust, Missbrauch oder die unbefugte \u00c4nderung Ihrer Daten in unserem Besitz zu verhindern. Aufgrund der inh\u00e4renten Risiken k\u00f6nnen wir jedoch keine absolute Sicherheit garantieren und k\u00f6nnen daher die Sicherheit der von Ihnen an uns \u00fcbermittelten Informationen nicht gew\u00e4hrleisten oder garantieren. Sie \u00fcbermitteln die Informationen auf eigene Gefahr.<\/p>\n\n<p>Links von Drittanbietern und Verwendung Ihrer Informationen:<br\/>Unser Service kann Links zu anderen Websites enthalten, die nicht von uns betrieben werden. Diese Datenschutzrichtlinie bezieht sich nicht auf die Datenschutzrichtlinien und andere Praktiken von Drittanbietern, einschlie\u00dflich Drittanbietern, die Websites oder Dienste betreiben, auf die \u00fcber einen Link im Dienst zugegriffen werden kann. Wir empfehlen Ihnen dringend, die Datenschutzrichtlinien aller von Ihnen besuchten Websites zu \u00fcberpr\u00fcfen. Wir haben keine Kontrolle \u00fcber die Inhalte, Datenschutzrichtlinien oder Praktiken von Websites oder Diensten Dritter und \u00fcbernehmen hierf\u00fcr keine Verantwortung.<\/p>\n\n<p>Beschwerde-\/Datenschutzbeauftragter:<br\/>Wenn Sie Fragen oder Bedenken hinsichtlich der Verarbeitung Ihrer bei uns verf\u00fcgbaren Daten haben, k\u00f6nnen Sie sich per E-Mail an unseren Beschwerdebeauftragten bei Coppola Gianluca S.a.s., Strada, Catarina Lanz San Vigilio, 31, E-Mail: admin@ristorantepizzeriaerika.it wenden. Wir werden Ihr Anliegen im Einklang mit dem geltenden Recht behandeln.<\/p>\n\n<p><\/p>\n","protected":false},"excerpt":{"rendered":"<p>DatenschutzrichtlinieZuletzt aktualisiert am 13. Juni 2024G\u00fcltig ab 13. Juni 2024 Diese Datenschutzrichtlinie beschreibt die Richtlinien von Coppola Gianluca S.a.s., Strada, Catarina Lanz San Vigilio, 31, BZ 39030, Italien, E-Mail: admin@ristorantepizzeriaerika.it, Telefon: +39 0474 506160 zur Erfassung, Verwendung und Offenlegung Ihrer Daten, die wir sammeln, wenn Sie unsere Website (https:\/\/ristorantepizzeriaerika.it) nutzen. (der Service&#8221;). Indem Sie auf den Dienst zugreifen oder ihn&#8230; <span class=\"tst-el-more\"><a href=\"https:\/\/ristorantepizzeriaerika.it\/de\/datenschutzrichtlinie\/\" class=\"tst-label tst-color tst-anima-link\">Read more<span class=\"screen-reader-text\">Read moreDatenschutzrichtlinie<\/span><\/a><\/span><\/p>\n","protected":false},"author":1,"featured_media":0,"parent":0,"menu_order":0,"comment_status":"closed","ping_status":"open","template":"","meta":{"_acf_changed":false,"inline_featured_image":false,"_monsterinsights_skip_tracking":false,"_monsterinsights_sitenote_active":false,"_monsterinsights_sitenote_note":"","_monsterinsights_sitenote_category":0,"footnotes":""},"acf":[],"aioseo_notices":[],"_links":{"self":[{"href":"https:\/\/ristorantepizzeriaerika.it\/de\/wp-json\/wp\/v2\/pages\/2387"}],"collection":[{"href":"https:\/\/ristorantepizzeriaerika.it\/de\/wp-json\/wp\/v2\/pages"}],"about":[{"href":"https:\/\/ristorantepizzeriaerika.it\/de\/wp-json\/wp\/v2\/types\/page"}],"author":[{"embeddable":true,"href":"https:\/\/ristorantepizzeriaerika.it\/de\/wp-json\/wp\/v2\/users\/1"}],"replies":[{"embeddable":true,"href":"https:\/\/ristorantepizzeriaerika.it\/de\/wp-json\/wp\/v2\/comments?post=2387"}],"version-history":[{"count":1,"href":"https:\/\/ristorantepizzeriaerika.it\/de\/wp-json\/wp\/v2\/pages\/2387\/revisions"}],"predecessor-version":[{"id":2388,"href":"https:\/\/ristorantepizzeriaerika.it\/de\/wp-json\/wp\/v2\/pages\/2387\/revisions\/2388"}],"wp:attachment":[{"href":"https:\/\/ristorantepizzeriaerika.it\/de\/wp-json\/wp\/v2\/media?parent=2387"}],"curies":[{"name":"wp","href":"https:\/\/api.w.org\/{rel}","templated":true}]}}